{"id":15,"date":"2019-11-05T20:32:27","date_gmt":"2019-11-05T19:32:27","guid":{"rendered":"http:\/\/www.konstbau.pl\/?page_id=15"},"modified":"2024-04-03T09:37:05","modified_gmt":"2024-04-03T07:37:05","slug":"oferta","status":"publish","type":"page","link":"https:\/\/www.konstbau.pl\/index.php\/oferta\/","title":{"rendered":"Oferta"},"content":{"rendered":"\t\t<div data-elementor-type=\"wp-page\" data-elementor-id=\"15\" class=\"elementor elementor-15\">\n\t\t\t\t\t\t<section class=\"elementor-section elementor-top-section elementor-element elementor-element-ec8b962 elementor-section-boxed elementor-section-height-default elementor-section-height-default\" data-id=\"ec8b962\" data-element_type=\"section\">\n\t\t\t\t\t\t<div class=\"elementor-container elementor-column-gap-default\">\n\t\t\t\t\t<div class=\"elementor-column elementor-col-100 elementor-top-column elementor-element elementor-element-4c35789\" data-id=\"4c35789\" data-element_type=\"column\">\n\t\t\t<div class=\"elementor-widget-wrap elementor-element-populated\">\n\t\t\t\t\t\t<div class=\"elementor-element elementor-element-246850a elementor-widget elementor-widget-text-editor\" data-id=\"246850a\" data-element_type=\"widget\" data-widget_type=\"text-editor.default\">\n\t\t\t\t<div class=\"elementor-widget-container\">\n\t\t\t\t\t\t\t<p><b>Podstawowe obszary naszej dzia\u0142alno\u015bci:<\/b><\/p><ul><li>demonta\u017c, transport i monta\u017c pojedynczych maszyn lub ich element\u00f3w,<\/li><li>demonta\u017c, transport i monta\u017c kompletnych linii produkcyjnych,<\/li><li>monta\u017c transporter\u00f3w rolkowych i ta\u015bmowych,<\/li><li>wykonawstwo fundament\u00f3w pod maszyny (nowych lub rozbudowa istniej\u0105cych),<\/li><li>wykonawstwo fundament\u00f3w pod szyny tramwaj\u00f3w transportowych (pozycjonowanie szyn),<\/li><li>wykonawstwo infrastruktury pomocniczej, m.in. instalacji:<br \/>\u00a0\u00a0\u00a0 &#8211; elektrycznych,<br \/>\u00a0\u00a0\u00a0 &#8211; spr\u0119\u017conego powietrza,<br \/>\u00a0\u00a0\u00a0 &#8211; wody,<br \/>\u00a0\u00a0\u00a0 &#8211; pary,<br \/>\u00a0\u00a0\u00a0 &#8211; \u015bciek\u00f3w technologicznych,<br \/>\u00a0\u00a0\u00a0 &#8211; odbioru odpad\u00f3w;<\/li><li>prefabrykacja i monta\u017c konstrukcji stalowych,<\/li><li>monta\u017c rega\u0142\u00f3w wysokiego sk\u0142adowania,<\/li><li>wykonawstwo konstrukcji stalowych,<\/li><li>remont i konserwacja maszyn przemys\u0142u tekturniczego,<\/li><li>roboty og\u00f3lnobudowlane;<\/li><\/ul><p>Wszystkie prace jeste\u015bmy w stanie wykona\u0107 przy u\u017cyciu w\u0142asnych maszyn i narz\u0119dzi. Obecnie zatrudniamy na etacie ponad 30 pracownik\u00f3w &#8211; in\u017cynier\u00f3w, mechanik\u00f3w, elektryk\u00f3w, spawaczy i budowla\u0144c\u00f3w. Ka\u017cdy z pracownik\u00f3w posiada stosowne uprawnienia.<\/p><p>Posiadamy ubezpieczenie OC na kwot\u0119 3 000 000 EUR.<\/p>\t\t\t\t\t\t<\/div>\n\t\t\t\t<\/div>\n\t\t\t\t\t<\/div>\n\t\t<\/div>\n\t\t\t\t\t<\/div>\n\t\t<\/section>\n\t\t\t\t<\/div>\n\t\t","protected":false},"excerpt":{"rendered":"<p>Podstawowe obszary naszej dzia\u0142alno\u015bci: demonta\u017c, transport i monta\u017c pojedynczych maszyn lub ich element\u00f3w, demonta\u017c, transport i monta\u017c kompletnych linii produkcyjnych, monta\u017c transporter\u00f3w rolkowych i ta\u015bmowych, wykonawstwo fundament\u00f3w pod maszyny (nowych&hellip;<\/p>\n","protected":false},"author":1,"featured_media":0,"parent":0,"menu_order":0,"comment_status":"closed","ping_status":"closed","template":"page-templates\/fullwidth.php","meta":{"footnotes":""},"_links":{"self":[{"href":"https:\/\/www.konstbau.pl\/index.php\/wp-json\/wp\/v2\/pages\/15"}],"collection":[{"href":"https:\/\/www.konstbau.pl\/index.php\/wp-json\/wp\/v2\/pages"}],"about":[{"href":"https:\/\/www.konstbau.pl\/index.php\/wp-json\/wp\/v2\/types\/page"}],"author":[{"embeddable":true,"href":"https:\/\/www.konstbau.pl\/index.php\/wp-json\/wp\/v2\/users\/1"}],"replies":[{"embeddable":true,"href":"https:\/\/www.konstbau.pl\/index.php\/wp-json\/wp\/v2\/comments?post=15"}],"version-history":[{"count":31,"href":"https:\/\/www.konstbau.pl\/index.php\/wp-json\/wp\/v2\/pages\/15\/revisions"}],"predecessor-version":[{"id":497,"href":"https:\/\/www.konstbau.pl\/index.php\/wp-json\/wp\/v2\/pages\/15\/revisions\/497"}],"wp:attachment":[{"href":"https:\/\/www.konstbau.pl\/index.php\/wp-json\/wp\/v2\/media?parent=15"}],"curies":[{"name":"wp","href":"https:\/\/api.w.org\/{rel}","templated":true}]}}