{"id":120,"date":"2019-12-03T10:29:57","date_gmt":"2019-12-03T09:29:57","guid":{"rendered":"http:\/\/www.konstbau.pl\/?page_id=120"},"modified":"2024-04-03T09:26:11","modified_gmt":"2024-04-03T07:26:11","slug":"o-nas","status":"publish","type":"page","link":"https:\/\/www.konstbau.pl\/","title":{"rendered":"O nas"},"content":{"rendered":"\t\t<div data-elementor-type=\"wp-page\" data-elementor-id=\"120\" class=\"elementor elementor-120\">\n\t\t\t\t\t\t<section class=\"elementor-section elementor-top-section elementor-element elementor-element-3873457b elementor-section-boxed elementor-section-height-default elementor-section-height-default\" data-id=\"3873457b\" data-element_type=\"section\">\n\t\t\t\t\t\t<div class=\"elementor-container elementor-column-gap-default\">\n\t\t\t\t\t<div class=\"elementor-column elementor-col-100 elementor-top-column elementor-element elementor-element-67609ca5\" data-id=\"67609ca5\" data-element_type=\"column\">\n\t\t\t<div class=\"elementor-widget-wrap elementor-element-populated\">\n\t\t\t\t\t\t<div class=\"elementor-element elementor-element-52d951d1 elementor-widget elementor-widget-text-editor\" data-id=\"52d951d1\" data-element_type=\"widget\" data-widget_type=\"text-editor.default\">\n\t\t\t\t<div class=\"elementor-widget-container\">\n\t\t\t\t\t\t\t<p style=\"text-align: justify;\">Jeste\u015bmy przedsi\u0119biorstwem <strong>od ponad 30 lat<\/strong> dzia\u0142aj\u0105cym w bran\u017cy konstrukcyjno-mechanicznej. \u015awiadczymy kompleksowe us\u0142ugi w zakresie relokacji maszyn, linii produkcyjnych oraz ca\u0142ych fabryk. Zapewniamy nasze wsparcie na ka\u017cdym etapie realizacji inwestycji &#8211; pocz\u0105wszy od analizy wykonalno\u015bci, koncepcji prac, poprzez roz\u0142\u0105czenie i demonta\u017c maszyny, transport (wraz z za\u0142adunkiem i roz\u0142adunkiem), ko\u0144cz\u0105c na pod\u0142\u0105czeniu i rozruchu. Oferowane us\u0142ugi realizujemy przy wykorzystaniu w\u0142asnego sprz\u0119tu oraz do\u015bwiadczonych pracownik\u00f3w. Prowadzimy r\u00f3wnie\u017c wynajem sprz\u0119tu transportowego (w\u00f3zki wid\u0142owe do 9t, d\u017awigi elektryczne do 22t, w\u00f3zki transportowe).<br>Ka\u017cdy projekt traktowany jest priorytetowo &#8211; dobra znajomo\u015b\u0107 bran\u017cy oraz do\u015bwiadczenie pozwalaj\u0105 nam na weryfikowanie oczekiwa\u0144 klient\u00f3w poprzez wdra\u017canie w\u0142asnych propozycji rozwi\u0105za\u0144 b\u0119d\u0105cych wynikiem do\u015bwiadcze\u0144 zdobytych podczas realizacji zlece\u0144 na ca\u0142ym \u015bwiecie.<\/p>\n<p><!-- \/wp:html --><\/p>\n<p><!-- wp:paragraph --><\/p>\n<p><strong>Nasza firma specjalizuje si\u0119 w:<\/strong><\/p>\n<p><!-- \/wp:paragraph --><\/p>\n<p><!-- wp:html --><\/p>\n<ul style=\"text-align: justify;\">\n<li>demonta\u017cach, transportach i monta\u017cach maszyn i linii produkcyjnych, g\u0142\u00f3wnie dla przemys\u0142u opakowa\u0144 kartonowych,<\/li>\n<li>robotach budowlanych zwi\u0105zanych z fundamentowaniem maszyn,<\/li>\n<li>robotach og\u00f3lnobudowlanych,<\/li>\n<li>wykonywaniu infrastruktury pomocniczej (m.in. instalacji spr\u0119\u017conego powietrza, wody, pary, instalacji \u015bciek\u00f3w technologicznych, odbioru odpad\u00f3w, instalacji elektrycznych),<\/li>\n<li>wykonywaniu konstrukcji stalowych (w tym monta\u017cu rega\u0142\u00f3w wysokiego sk\u0142adowania),<\/li>\n<li>modyfikacji urz\u0105dze\u0144 (transportery rolkowe, ta\u015bmowe),<\/li>\n<li>remontach i konserwacjach maszyn,<\/li>\n<li>serwisach transport\u00f3w technologicznych (za\u0142adunki i roz\u0142adunki wszelkiego rodzaju maszyn wraz z ich posadowieniem),<\/li>\n<li>wynajmie maszyn (d\u017awigi elektryczne do 22t, w\u00f3zki wid\u0142owe do 9t);<\/li>\n<\/ul>\n<div>\n<p><strong>Nasze atuty to:<\/strong><\/p>\n<ul style=\"text-align: justify;\">\n<li>ponad 20 lat wsp\u00f3\u0142pracy z wiod\u0105cymi producentami opakowa\u0144 z tektury falistej i litej (m.in. Mondi, Smurfit Kappa, DS Smith, Klingele Papierwerke),<\/li>\n<li>wieloletnia wsp\u00f3\u0142praca z producentami maszyn oraz urz\u0105dze\u0144 transportu (m.in. Goepfert Maschinen, Minda Industrieanlagen, Seemi, Bahmuller),<\/li>\n<li>w\u0142asne zaplecze warsztatowo-remontowe oraz logistyczne (baza sprz\u0119towa, \u015blusarnia, tokarnia, hale monta\u017cowe w L\u0119borku),<\/li>\n<li>szeroki park maszynowo-sprz\u0119towy:<br><ul style=\"text-align: justify;\">\n<li>w\u00f3zki wid\u0142owe: 9t, 7t, 5t, 3.5t diesel oraz LPG, sprz\u0119t na niebrudz\u0105cych oponach,<\/li>\n<li>dwa d\u017awigi elektryczne Valla 180E (18t),<\/li>\n<li>d\u017awig elektryczny Valla 120E (12t),<\/li>\n<li>d\u017awig elektryczny Ormig 22TNE (22t),<\/li>\n<li>podno\u015bniki no\u017cycowe, \u0142adowarki teleskopowe,<br><\/li>\n<li>samochody ci\u0119\u017carowe Mercedes i DAF z naczepami,<\/li>\n<li>zdalnie sterowane obrotnice do 50t,<\/li>\n<li>w\u00f3zki transportowe, lewary,<\/li>\n<li>wysoko wykwalifikowana kadra in\u017cynier\u00f3w, mechanik\u00f3w, elektryk\u00f3w, monter\u00f3w i pracownik\u00f3w budowlanych,<\/li>\n<li>trzon naszego zespo\u0142u stanowi\u0105 do\u015bwiadczeni pracownicy zwi\u0105zani z firm\u0105 od 20 lat, ci\u0105gle podnosz\u0105cy swoje kompetencje;<\/li>\n<\/ul>\n<\/li>\n<\/ul>\n<\/div>\n<p><!-- \/wp:html --><\/p>\n<p><!-- wp:paragraph --><\/p>\n<p style=\"padding-left: 40px;\"><!-- \/wp:paragraph --><\/p>\t\t\t\t\t\t<\/div>\n\t\t\t\t<\/div>\n\t\t\t\t\t<\/div>\n\t\t<\/div>\n\t\t\t\t\t<\/div>\n\t\t<\/section>\n\t\t\t\t<\/div>\n\t\t","protected":false},"excerpt":{"rendered":"<p>Jeste\u015bmy przedsi\u0119biorstwem od ponad 30 lat dzia\u0142aj\u0105cym w bran\u017cy konstrukcyjno-mechanicznej. \u015awiadczymy kompleksowe us\u0142ugi w zakresie relokacji maszyn, linii produkcyjnych oraz ca\u0142ych fabryk. Zapewniamy nasze wsparcie na ka\u017cdym etapie realizacji inwestycji&hellip;<\/p>\n","protected":false},"author":1,"featured_media":0,"parent":0,"menu_order":0,"comment_status":"closed","ping_status":"closed","template":"page-templates\/fullwidth.php","meta":{"footnotes":""},"_links":{"self":[{"href":"https:\/\/www.konstbau.pl\/index.php\/wp-json\/wp\/v2\/pages\/120"}],"collection":[{"href":"https:\/\/www.konstbau.pl\/index.php\/wp-json\/wp\/v2\/pages"}],"about":[{"href":"https:\/\/www.konstbau.pl\/index.php\/wp-json\/wp\/v2\/types\/page"}],"author":[{"embeddable":true,"href":"https:\/\/www.konstbau.pl\/index.php\/wp-json\/wp\/v2\/users\/1"}],"replies":[{"embeddable":true,"href":"https:\/\/www.konstbau.pl\/index.php\/wp-json\/wp\/v2\/comments?post=120"}],"version-history":[{"count":30,"href":"https:\/\/www.konstbau.pl\/index.php\/wp-json\/wp\/v2\/pages\/120\/revisions"}],"predecessor-version":[{"id":490,"href":"https:\/\/www.konstbau.pl\/index.php\/wp-json\/wp\/v2\/pages\/120\/revisions\/490"}],"wp:attachment":[{"href":"https:\/\/www.konstbau.pl\/index.php\/wp-json\/wp\/v2\/media?parent=120"}],"curies":[{"name":"wp","href":"https:\/\/api.w.org\/{rel}","templated":true}]}}